{"id":1525,"date":"2022-09-06T18:14:20","date_gmt":"2022-09-06T16:14:20","guid":{"rendered":"https:\/\/zotomar.pl\/om-virksomheden\/"},"modified":"2022-10-03T11:03:52","modified_gmt":"2022-10-03T09:03:52","slug":"om-virksomheden","status":"publish","type":"page","link":"https:\/\/zotomar.pl\/da\/om-virksomheden\/","title":{"rendered":"Om virksomheden"},"content":{"rendered":"\t\t<div data-elementor-type=\"wp-page\" data-elementor-id=\"1525\" class=\"elementor elementor-1525 elementor-284\">\n\t\t\t\t\t\t\t\t\t<section class=\"elementor-section elementor-top-section elementor-element elementor-element-828b5f3 elementor-section-boxed elementor-section-height-default elementor-section-height-default\" data-id=\"828b5f3\" data-element_type=\"section\" data-settings=\"{&quot;background_background&quot;:&quot;classic&quot;}\">\n\t\t\t\t\t\t\t<div class=\"elementor-background-overlay\"><\/div>\n\t\t\t\t\t\t\t<div class=\"elementor-container elementor-column-gap-default\">\n\t\t\t\t\t<div class=\"elementor-column elementor-col-100 elementor-top-column elementor-element elementor-element-96f21e4 lakit-col-width-auto-no\" data-id=\"96f21e4\" data-element_type=\"column\">\n\t\t\t<div class=\"elementor-widget-wrap elementor-element-populated\">\n\t\t\t\t\t\t\t\t<section class=\"elementor-section elementor-inner-section elementor-element elementor-element-f3b249c elementor-section-boxed elementor-section-height-default elementor-section-height-default\" data-id=\"f3b249c\" data-element_type=\"section\">\n\t\t\t\t\t\t<div class=\"elementor-container elementor-column-gap-default\">\n\t\t\t\t\t<div class=\"elementor-column elementor-col-100 elementor-inner-column elementor-element elementor-element-172e20e lakit-col-width-auto-no\" data-id=\"172e20e\" data-element_type=\"column\">\n\t\t\t<div class=\"elementor-widget-wrap elementor-element-populated\">\n\t\t\t\t\t\t\t\t<div class=\"elementor-element elementor-element-e0f4400 elementor-invisible lakit-has-entrance-animation elementor-widget elementor-widget-heading\" data-id=\"e0f4400\" data-element_type=\"widget\" data-settings=\"{&quot;_animation&quot;:&quot;fadeInUp&quot;,&quot;_animation_delay&quot;:0.14}\" data-widget_type=\"heading.default\">\n\t\t\t\t<div class=\"elementor-widget-container\">\n\t\t\t<style>\/*! elementor - v3.7.8 - 02-10-2022 *\/\n.elementor-heading-title{padding:0;margin:0;line-height:1}.elementor-widget-heading .elementor-heading-title[class*=elementor-size-]>a{color:inherit;font-size:inherit;line-height:inherit}.elementor-widget-heading .elementor-heading-title.elementor-size-small{font-size:15px}.elementor-widget-heading .elementor-heading-title.elementor-size-medium{font-size:19px}.elementor-widget-heading .elementor-heading-title.elementor-size-large{font-size:29px}.elementor-widget-heading .elementor-heading-title.elementor-size-xl{font-size:39px}.elementor-widget-heading .elementor-heading-title.elementor-size-xxl{font-size:59px}<\/style><h2 class=\"elementor-heading-title elementor-size-default\">Om virksomheden<\/h2>\t\t<\/div>\n\t\t\t\t<\/div>\n\t\t\t\t\t<\/div>\n\t\t<\/div>\n\t\t\t\t\t\t\t<\/div>\n\t\t<\/section>\n\t\t\t\t\t<\/div>\n\t\t<\/div>\n\t\t\t\t\t\t\t<\/div>\n\t\t<\/section>\n\t\t\t\t<section class=\"elementor-section elementor-top-section elementor-element elementor-element-4ae39a5 elementor-section-full_width elementor-section-height-default elementor-section-height-default\" data-id=\"4ae39a5\" data-element_type=\"section\" data-settings=\"{&quot;background_background&quot;:&quot;classic&quot;}\">\n\t\t\t\t\t\t\t<div class=\"elementor-background-overlay\"><\/div>\n\t\t\t\t\t\t\t<div class=\"elementor-container elementor-column-gap-default\">\n\t\t\t\t\t<div class=\"elementor-column elementor-col-33 elementor-top-column elementor-element elementor-element-5fdb9cf lakit-col-width-auto-no\" data-id=\"5fdb9cf\" data-element_type=\"column\">\n\t\t\t<div class=\"elementor-widget-wrap\">\n\t\t\t\t\t\t\t\t\t<\/div>\n\t\t<\/div>\n\t\t\t\t<div class=\"elementor-column elementor-col-33 elementor-top-column elementor-element elementor-element-3fd7005 lakit-col-width-auto-no\" data-id=\"3fd7005\" data-element_type=\"column\">\n\t\t\t<div class=\"elementor-widget-wrap elementor-element-populated\">\n\t\t\t\t\t\t\t\t<div class=\"elementor-element elementor-element-be562fb elementor-widget elementor-widget-text-editor\" data-id=\"be562fb\" data-element_type=\"widget\" data-widget_type=\"text-editor.default\">\n\t\t\t\t<div class=\"elementor-widget-container\">\n\t\t\t<style>\/*! elementor - v3.7.8 - 02-10-2022 *\/\n.elementor-widget-text-editor.elementor-drop-cap-view-stacked .elementor-drop-cap{background-color:#818a91;color:#fff}.elementor-widget-text-editor.elementor-drop-cap-view-framed .elementor-drop-cap{color:#818a91;border:3px solid;background-color:transparent}.elementor-widget-text-editor:not(.elementor-drop-cap-view-default) .elementor-drop-cap{margin-top:8px}.elementor-widget-text-editor:not(.elementor-drop-cap-view-default) .elementor-drop-cap-letter{width:1em;height:1em}.elementor-widget-text-editor .elementor-drop-cap{float:left;text-align:center;line-height:1;font-size:50px}.elementor-widget-text-editor .elementor-drop-cap-letter{display:inline-block}<\/style>\t\t\t\t<p>Om virksomheden<\/p>\n\t\t\t\t\t\t<\/div>\n\t\t\t\t<\/div>\n\t\t\t\t<div class=\"elementor-element elementor-element-ef76a1a elementor-widget elementor-widget-text-editor\" data-id=\"ef76a1a\" data-element_type=\"widget\" data-widget_type=\"text-editor.default\">\n\t\t\t\t<div class=\"elementor-widget-container\">\n\t\t\t\t\t\t\t<p>Mine damer og herrer.<\/p>\n<p>ZHUP &#8220;ZOTOMAR&#8221; er en privat virksomhed, der blev grundlagt i 1989.<\/p>\n<p>Vores gunstige transportm\u00e6ssige beliggenhed, p\u00e5lidelighed, den h\u00f8je kvalitet af vores produkter og frav\u00e6ret af sprogbarrierer har i mange \u00e5r resulteret i et fremragende samarbejde med partnervirksomheder p\u00e5 det polske, danske, tyske, hollandske og skandinaviske marked.<\/p>\n<p>De st\u00e5lprodukter, som vi fremstiller, anvendes i f\u00f8lgende sektorer: <strong>LANDBRUG, DYRERI, BYGGERI, GARDENING og INDUSTRI<\/strong>.<\/p>\n<p>Vi er et \u00e5bent og fleksibelt team, der er i stand til at tilpasse os til de mest kr\u00e6vende forventninger fra vores kunder. Vi producerer ikke kun standardprodukter i store serier, men ogs\u00e5 mellemstore specialiserede komponenter. Vi tilbyder konkurrencedygtige leveringstider.<\/p>\n<p>Med henblik p\u00e5 at udvide virksomheden s\u00f8ger vi p\u00e5lidelige partnere til nationalt og internationalt samarbejde, b\u00e5de inden for produktion og service. Alle foresp\u00f8rgsler, der sendes til vores virksomhed, analyseres omhyggeligt, og hver enkelt kunde f\u00e5r individuelle vilk\u00e5r og betingelser.<\/p>\n<p>Vi inviterer dig til at finde ud af mere om <a href=\"https:\/\/zotomar.pl\/da\/produktionskapacitet\/\">vores muligheder<\/a> og vores produktionstilbud.<\/p>\n\t\t\t\t\t\t<\/div>\n\t\t\t\t<\/div>\n\t\t\t\t\t<\/div>\n\t\t<\/div>\n\t\t\t\t<div class=\"elementor-column elementor-col-33 elementor-top-column elementor-element elementor-element-28a9bc8 lakit-col-width-auto-no\" data-id=\"28a9bc8\" data-element_type=\"column\" data-settings=\"{&quot;background_background&quot;:&quot;classic&quot;}\">\n\t\t\t<div class=\"elementor-widget-wrap elementor-element-populated\">\n\t\t\t\t\t\t\t\t<div class=\"elementor-element elementor-element-bf7b00f elementor-widget elementor-widget-spacer\" data-id=\"bf7b00f\" data-element_type=\"widget\" data-widget_type=\"spacer.default\">\n\t\t\t\t<div class=\"elementor-widget-container\">\n\t\t\t<style>\/*! elementor - v3.7.8 - 02-10-2022 *\/\n.elementor-column .elementor-spacer-inner{height:var(--spacer-size)}.e-container{--container-widget-width:100%}.e-container>.elementor-widget-spacer{width:var(--container-widget-width,var(--spacer-size));-ms-flex-item-align:stretch;align-self:stretch;-ms-flex-negative:0;flex-shrink:0}.e-container>.elementor-widget-spacer>.elementor-widget-container,.e-container>.elementor-widget-spacer>.elementor-widget-container>.elementor-spacer{height:100%}.e-container>.elementor-widget-spacer>.elementor-widget-container>.elementor-spacer>.elementor-spacer-inner{height:var(--container-widget-height,var(--spacer-size))}<\/style>\t\t<div class=\"elementor-spacer\">\n\t\t\t<div class=\"elementor-spacer-inner\"><\/div>\n\t\t<\/div>\n\t\t\t\t<\/div>\n\t\t\t\t<\/div>\n\t\t\t\t\t<\/div>\n\t\t<\/div>\n\t\t\t\t\t\t\t<\/div>\n\t\t<\/section>\n\t\t\t\t\t\t\t<\/div>\n\t\t","protected":false},"excerpt":{"rendered":"<p>Om virksomheden Om virksomheden Mine damer og herrer. ZHUP &#8220;ZOTOMAR&#8221; er en privat virksomhed, der blev grundlagt i 1989. Vores gunstige transportm\u00e6ssige beliggenhed, p\u00e5lidelighed, den h\u00f8je kvalitet af vores produkter og frav\u00e6ret af sprogbarrierer har i mange \u00e5r resulteret i et fremragende samarbejde med partnervirksomheder p\u00e5 det polske, danske, tyske, hollandske og skandinaviske marked. De [&hellip;]<\/p>\n","protected":false},"author":1,"featured_media":0,"parent":0,"menu_order":0,"comment_status":"closed","ping_status":"closed","template":"elementor_header_footer","meta":[],"yoast_head":"<!-- This site is optimized with the Yoast SEO plugin v19.7.2 - https:\/\/yoast.com\/wordpress\/plugins\/seo\/ -->\n<title>Om virksomheden - Zotomar<\/title>\n<meta name=\"robots\" content=\"index, follow, max-snippet:-1, max-image-preview:large, max-video-preview:-1\" \/>\n<link rel=\"canonical\" href=\"https:\/\/zotomar.pl\/da\/om-virksomheden\/\" \/>\n<meta property=\"og:locale\" content=\"da_DK\" \/>\n<meta property=\"og:type\" content=\"article\" \/>\n<meta property=\"og:title\" content=\"Om virksomheden - Zotomar\" \/>\n<meta property=\"og:description\" content=\"Om virksomheden Om virksomheden Mine damer og herrer. ZHUP &#8220;ZOTOMAR&#8221; er en privat virksomhed, der blev grundlagt i 1989. Vores gunstige transportm\u00e6ssige beliggenhed, p\u00e5lidelighed, den h\u00f8je kvalitet af vores produkter og frav\u00e6ret af sprogbarrierer har i mange \u00e5r resulteret i et fremragende samarbejde med partnervirksomheder p\u00e5 det polske, danske, tyske, hollandske og skandinaviske marked. De [&hellip;]\" \/>\n<meta property=\"og:url\" content=\"https:\/\/zotomar.pl\/da\/om-virksomheden\/\" \/>\n<meta property=\"og:site_name\" content=\"Zotomar\" \/>\n<meta property=\"article:modified_time\" content=\"2022-10-03T09:03:52+00:00\" \/>\n<meta name=\"twitter:card\" content=\"summary_large_image\" \/>\n<meta name=\"twitter:label1\" content=\"Estimeret l\u00e6setid\" \/>\n\t<meta name=\"twitter:data1\" content=\"1 minut\" \/>\n<script type=\"application\/ld+json\" class=\"yoast-schema-graph\">{\"@context\":\"https:\/\/schema.org\",\"@graph\":[{\"@type\":\"WebPage\",\"@id\":\"https:\/\/zotomar.pl\/da\/om-virksomheden\/\",\"url\":\"https:\/\/zotomar.pl\/da\/om-virksomheden\/\",\"name\":\"Om virksomheden - Zotomar\",\"isPartOf\":{\"@id\":\"https:\/\/zotomar.pl\/#website\"},\"datePublished\":\"2022-09-06T16:14:20+00:00\",\"dateModified\":\"2022-10-03T09:03:52+00:00\",\"breadcrumb\":{\"@id\":\"https:\/\/zotomar.pl\/da\/om-virksomheden\/#breadcrumb\"},\"inLanguage\":\"da-DK\",\"potentialAction\":[{\"@type\":\"ReadAction\",\"target\":[\"https:\/\/zotomar.pl\/da\/om-virksomheden\/\"]}]},{\"@type\":\"BreadcrumbList\",\"@id\":\"https:\/\/zotomar.pl\/da\/om-virksomheden\/#breadcrumb\",\"itemListElement\":[{\"@type\":\"ListItem\",\"position\":1,\"name\":\"Strona g\u0142\u00f3wna\",\"item\":\"https:\/\/zotomar.pl\/da\/\"},{\"@type\":\"ListItem\",\"position\":2,\"name\":\"Om virksomheden\"}]},{\"@type\":\"WebSite\",\"@id\":\"https:\/\/zotomar.pl\/#website\",\"url\":\"https:\/\/zotomar.pl\/\",\"name\":\"Zotomar\",\"description\":\"\",\"potentialAction\":[{\"@type\":\"SearchAction\",\"target\":{\"@type\":\"EntryPoint\",\"urlTemplate\":\"https:\/\/zotomar.pl\/?s={search_term_string}\"},\"query-input\":\"required name=search_term_string\"}],\"inLanguage\":\"da-DK\"}]}<\/script>\n<!-- \/ Yoast SEO plugin. -->","yoast_head_json":{"title":"Om virksomheden - Zotomar","robots":{"index":"index","follow":"follow","max-snippet":"max-snippet:-1","max-image-preview":"max-image-preview:large","max-video-preview":"max-video-preview:-1"},"canonical":"https:\/\/zotomar.pl\/da\/om-virksomheden\/","og_locale":"da_DK","og_type":"article","og_title":"Om virksomheden - Zotomar","og_description":"Om virksomheden Om virksomheden Mine damer og herrer. ZHUP &#8220;ZOTOMAR&#8221; er en privat virksomhed, der blev grundlagt i 1989. Vores gunstige transportm\u00e6ssige beliggenhed, p\u00e5lidelighed, den h\u00f8je kvalitet af vores produkter og frav\u00e6ret af sprogbarrierer har i mange \u00e5r resulteret i et fremragende samarbejde med partnervirksomheder p\u00e5 det polske, danske, tyske, hollandske og skandinaviske marked. De [&hellip;]","og_url":"https:\/\/zotomar.pl\/da\/om-virksomheden\/","og_site_name":"Zotomar","article_modified_time":"2022-10-03T09:03:52+00:00","twitter_card":"summary_large_image","twitter_misc":{"Estimeret l\u00e6setid":"1 minut"},"schema":{"@context":"https:\/\/schema.org","@graph":[{"@type":"WebPage","@id":"https:\/\/zotomar.pl\/da\/om-virksomheden\/","url":"https:\/\/zotomar.pl\/da\/om-virksomheden\/","name":"Om virksomheden - Zotomar","isPartOf":{"@id":"https:\/\/zotomar.pl\/#website"},"datePublished":"2022-09-06T16:14:20+00:00","dateModified":"2022-10-03T09:03:52+00:00","breadcrumb":{"@id":"https:\/\/zotomar.pl\/da\/om-virksomheden\/#breadcrumb"},"inLanguage":"da-DK","potentialAction":[{"@type":"ReadAction","target":["https:\/\/zotomar.pl\/da\/om-virksomheden\/"]}]},{"@type":"BreadcrumbList","@id":"https:\/\/zotomar.pl\/da\/om-virksomheden\/#breadcrumb","itemListElement":[{"@type":"ListItem","position":1,"name":"Strona g\u0142\u00f3wna","item":"https:\/\/zotomar.pl\/da\/"},{"@type":"ListItem","position":2,"name":"Om virksomheden"}]},{"@type":"WebSite","@id":"https:\/\/zotomar.pl\/#website","url":"https:\/\/zotomar.pl\/","name":"Zotomar","description":"","potentialAction":[{"@type":"SearchAction","target":{"@type":"EntryPoint","urlTemplate":"https:\/\/zotomar.pl\/?s={search_term_string}"},"query-input":"required name=search_term_string"}],"inLanguage":"da-DK"}]}},"_links":{"self":[{"href":"https:\/\/zotomar.pl\/da\/wp-json\/wp\/v2\/pages\/1525"}],"collection":[{"href":"https:\/\/zotomar.pl\/da\/wp-json\/wp\/v2\/pages"}],"about":[{"href":"https:\/\/zotomar.pl\/da\/wp-json\/wp\/v2\/types\/page"}],"author":[{"embeddable":true,"href":"https:\/\/zotomar.pl\/da\/wp-json\/wp\/v2\/users\/1"}],"replies":[{"embeddable":true,"href":"https:\/\/zotomar.pl\/da\/wp-json\/wp\/v2\/comments?post=1525"}],"version-history":[{"count":3,"href":"https:\/\/zotomar.pl\/da\/wp-json\/wp\/v2\/pages\/1525\/revisions"}],"predecessor-version":[{"id":2450,"href":"https:\/\/zotomar.pl\/da\/wp-json\/wp\/v2\/pages\/1525\/revisions\/2450"}],"wp:attachment":[{"href":"https:\/\/zotomar.pl\/da\/wp-json\/wp\/v2\/media?parent=1525"}],"curies":[{"name":"wp","href":"https:\/\/api.w.org\/{rel}","templated":true}]}}